{"id":135,"date":"2022-05-18T15:16:09","date_gmt":"2022-05-18T13:16:09","guid":{"rendered":"https:\/\/www.madagascar-touring.com\/?page_id=135"},"modified":"2022-11-23T14:16:32","modified_gmt":"2022-11-23T13:16:32","slug":"locations-de-voitures","status":"publish","type":"page","link":"https:\/\/madagascartouring.com\/fr\/locations-de-voitures\/","title":{"rendered":"Location de voitures"},"content":{"rendered":"","protected":false},"excerpt":{"rendered":"","protected":false},"author":1,"featured_media":0,"parent":0,"menu_order":0,"comment_status":"closed","ping_status":"closed","template":"page-locations.php","meta":{"_exactmetrics_skip_tracking":false,"_exactmetrics_sitenote_active":false,"_exactmetrics_sitenote_note":"","_exactmetrics_sitenote_category":0,"_joinchat":[],"footnotes":""},"class_list":["post-135","page","type-page","status-publish","hentry","location"],"yoast_head":"<!-- This site is optimized with the Yoast SEO plugin v26.6 - https:\/\/yoast.com\/wordpress\/plugins\/seo\/ -->\n<title>Location de voiture \u00e0 Madagascar &#183; Madagascar Touring<\/title>\n<meta name=\"description\" content=\"Vous souhaitez louer une voiture pour votre voyage \u00e0 Madagascar ? Nous vous offrons le meilleur qualit\u00e9 et service en termes de location de voiture. Une \u00e9quipe de chauffeurs qualifi\u00e9s et professionnels, est \u00e0 votre disposition pour vous conduire.\" \/>\n<meta name=\"robots\" content=\"index, follow, max-snippet:-1, max-image-preview:large, max-video-preview:-1\" \/>\n<link rel=\"canonical\" href=\"https:\/\/www.madagascartouring.com\/fr\/locations-de-voitures\/\" \/>\n<meta property=\"og:locale\" content=\"fr_FR\" \/>\n<meta property=\"og:type\" content=\"article\" \/>\n<meta property=\"og:title\" content=\"Location de voiture \u00e0 Madagascar &#183; Madagascar Touring\" \/>\n<meta property=\"og:description\" content=\"Vous souhaitez louer une voiture pour votre voyage \u00e0 Madagascar ? Nous vous offrons le meilleur qualit\u00e9 et service en termes de location de voiture. Une \u00e9quipe de chauffeurs qualifi\u00e9s et professionnels, est \u00e0 votre disposition pour vous conduire.\" \/>\n<meta property=\"og:url\" content=\"https:\/\/www.madagascartouring.com\/fr\/locations-de-voitures\/\" \/>\n<meta property=\"og:site_name\" content=\"Madagascar Touring\" \/>\n<meta property=\"article:modified_time\" content=\"2022-11-23T13:16:32+00:00\" \/>\n<meta name=\"twitter:card\" content=\"summary_large_image\" \/>\n<script type=\"application\/ld+json\" class=\"yoast-schema-graph\">{\"@context\":\"https:\/\/schema.org\",\"@graph\":[{\"@type\":\"WebPage\",\"@id\":\"https:\/\/www.madagascartouring.com\/fr\/locations-de-voitures\/\",\"url\":\"https:\/\/www.madagascartouring.com\/fr\/locations-de-voitures\/\",\"name\":\"Location de voiture \u00e0 Madagascar &#183; Madagascar Touring\",\"isPartOf\":{\"@id\":\"https:\/\/www.madagascartouring.com\/#website\"},\"datePublished\":\"2022-05-18T13:16:09+00:00\",\"dateModified\":\"2022-11-23T13:16:32+00:00\",\"description\":\"Vous souhaitez louer une voiture pour votre voyage \u00e0 Madagascar ? Nous vous offrons le meilleur qualit\u00e9 et service en termes de location de voiture. Une \u00e9quipe de chauffeurs qualifi\u00e9s et professionnels, est \u00e0 votre disposition pour vous conduire.\",\"breadcrumb\":{\"@id\":\"https:\/\/www.madagascartouring.com\/fr\/locations-de-voitures\/#breadcrumb\"},\"inLanguage\":\"fr-FR\",\"potentialAction\":[{\"@type\":\"ReadAction\",\"target\":[\"https:\/\/www.madagascartouring.com\/fr\/locations-de-voitures\/\"]}]},{\"@type\":\"BreadcrumbList\",\"@id\":\"https:\/\/www.madagascartouring.com\/fr\/locations-de-voitures\/#breadcrumb\",\"itemListElement\":[{\"@type\":\"ListItem\",\"position\":1,\"name\":\"Accueil\",\"item\":\"https:\/\/www.madagascartouring.com\/fr\/\"},{\"@type\":\"ListItem\",\"position\":2,\"name\":\"Location de voitures\"}]},{\"@type\":\"WebSite\",\"@id\":\"https:\/\/www.madagascartouring.com\/#website\",\"url\":\"https:\/\/www.madagascartouring.com\/\",\"name\":\"Madagascar Touring\",\"description\":\"Tour operator - location de voiture\",\"publisher\":{\"@id\":\"https:\/\/www.madagascartouring.com\/#\/schema\/person\/9a6abec49f6b46587622fda31ed97bbe\"},\"potentialAction\":[{\"@type\":\"SearchAction\",\"target\":{\"@type\":\"EntryPoint\",\"urlTemplate\":\"https:\/\/www.madagascartouring.com\/?s={search_term_string}\"},\"query-input\":{\"@type\":\"PropertyValueSpecification\",\"valueRequired\":true,\"valueName\":\"search_term_string\"}}],\"inLanguage\":\"fr-FR\"},{\"@type\":[\"Person\",\"Organization\"],\"@id\":\"https:\/\/www.madagascartouring.com\/#\/schema\/person\/9a6abec49f6b46587622fda31ed97bbe\",\"name\":\"TourAdmin\",\"image\":{\"@type\":\"ImageObject\",\"inLanguage\":\"fr-FR\",\"@id\":\"https:\/\/www.madagascartouring.com\/#\/schema\/person\/image\/\",\"url\":\"https:\/\/madagascartouring.com\/wp-content\/uploads\/2019\/02\/cropped-cropped-logo-ftr.jpg\",\"contentUrl\":\"https:\/\/madagascartouring.com\/wp-content\/uploads\/2019\/02\/cropped-cropped-logo-ftr.jpg\",\"width\":200,\"height\":197,\"caption\":\"TourAdmin\"},\"logo\":{\"@id\":\"https:\/\/www.madagascartouring.com\/#\/schema\/person\/image\/\"}}]}<\/script>\n<!-- \/ Yoast SEO plugin. -->","yoast_head_json":{"title":"Location de voiture \u00e0 Madagascar &#183; Madagascar Touring","description":"Vous souhaitez louer une voiture pour votre voyage \u00e0 Madagascar ? Nous vous offrons le meilleur qualit\u00e9 et service en termes de location de voiture. Une \u00e9quipe de chauffeurs qualifi\u00e9s et professionnels, est \u00e0 votre disposition pour vous conduire.","robots":{"index":"index","follow":"follow","max-snippet":"max-snippet:-1","max-image-preview":"max-image-preview:large","max-video-preview":"max-video-preview:-1"},"canonical":"https:\/\/www.madagascartouring.com\/fr\/locations-de-voitures\/","og_locale":"fr_FR","og_type":"article","og_title":"Location de voiture \u00e0 Madagascar &#183; Madagascar Touring","og_description":"Vous souhaitez louer une voiture pour votre voyage \u00e0 Madagascar ? Nous vous offrons le meilleur qualit\u00e9 et service en termes de location de voiture. Une \u00e9quipe de chauffeurs qualifi\u00e9s et professionnels, est \u00e0 votre disposition pour vous conduire.","og_url":"https:\/\/www.madagascartouring.com\/fr\/locations-de-voitures\/","og_site_name":"Madagascar Touring","article_modified_time":"2022-11-23T13:16:32+00:00","twitter_card":"summary_large_image","schema":{"@context":"https:\/\/schema.org","@graph":[{"@type":"WebPage","@id":"https:\/\/www.madagascartouring.com\/fr\/locations-de-voitures\/","url":"https:\/\/www.madagascartouring.com\/fr\/locations-de-voitures\/","name":"Location de voiture \u00e0 Madagascar &#183; Madagascar Touring","isPartOf":{"@id":"https:\/\/www.madagascartouring.com\/#website"},"datePublished":"2022-05-18T13:16:09+00:00","dateModified":"2022-11-23T13:16:32+00:00","description":"Vous souhaitez louer une voiture pour votre voyage \u00e0 Madagascar ? Nous vous offrons le meilleur qualit\u00e9 et service en termes de location de voiture. Une \u00e9quipe de chauffeurs qualifi\u00e9s et professionnels, est \u00e0 votre disposition pour vous conduire.","breadcrumb":{"@id":"https:\/\/www.madagascartouring.com\/fr\/locations-de-voitures\/#breadcrumb"},"inLanguage":"fr-FR","potentialAction":[{"@type":"ReadAction","target":["https:\/\/www.madagascartouring.com\/fr\/locations-de-voitures\/"]}]},{"@type":"BreadcrumbList","@id":"https:\/\/www.madagascartouring.com\/fr\/locations-de-voitures\/#breadcrumb","itemListElement":[{"@type":"ListItem","position":1,"name":"Accueil","item":"https:\/\/www.madagascartouring.com\/fr\/"},{"@type":"ListItem","position":2,"name":"Location de voitures"}]},{"@type":"WebSite","@id":"https:\/\/www.madagascartouring.com\/#website","url":"https:\/\/www.madagascartouring.com\/","name":"Madagascar Touring","description":"Tour operator - location de voiture","publisher":{"@id":"https:\/\/www.madagascartouring.com\/#\/schema\/person\/9a6abec49f6b46587622fda31ed97bbe"},"potentialAction":[{"@type":"SearchAction","target":{"@type":"EntryPoint","urlTemplate":"https:\/\/www.madagascartouring.com\/?s={search_term_string}"},"query-input":{"@type":"PropertyValueSpecification","valueRequired":true,"valueName":"search_term_string"}}],"inLanguage":"fr-FR"},{"@type":["Person","Organization"],"@id":"https:\/\/www.madagascartouring.com\/#\/schema\/person\/9a6abec49f6b46587622fda31ed97bbe","name":"TourAdmin","image":{"@type":"ImageObject","inLanguage":"fr-FR","@id":"https:\/\/www.madagascartouring.com\/#\/schema\/person\/image\/","url":"https:\/\/madagascartouring.com\/wp-content\/uploads\/2019\/02\/cropped-cropped-logo-ftr.jpg","contentUrl":"https:\/\/madagascartouring.com\/wp-content\/uploads\/2019\/02\/cropped-cropped-logo-ftr.jpg","width":200,"height":197,"caption":"TourAdmin"},"logo":{"@id":"https:\/\/www.madagascartouring.com\/#\/schema\/person\/image\/"}}]}},"_links":{"self":[{"href":"https:\/\/madagascartouring.com\/fr\/wp-json\/wp\/v2\/pages\/135","targetHints":{"allow":["GET"]}}],"collection":[{"href":"https:\/\/madagascartouring.com\/fr\/wp-json\/wp\/v2\/pages"}],"about":[{"href":"https:\/\/madagascartouring.com\/fr\/wp-json\/wp\/v2\/types\/page"}],"author":[{"embeddable":true,"href":"https:\/\/madagascartouring.com\/fr\/wp-json\/wp\/v2\/users\/1"}],"replies":[{"embeddable":true,"href":"https:\/\/madagascartouring.com\/fr\/wp-json\/wp\/v2\/comments?post=135"}],"version-history":[{"count":11,"href":"https:\/\/madagascartouring.com\/fr\/wp-json\/wp\/v2\/pages\/135\/revisions"}],"predecessor-version":[{"id":2498,"href":"https:\/\/madagascartouring.com\/fr\/wp-json\/wp\/v2\/pages\/135\/revisions\/2498"}],"wp:attachment":[{"href":"https:\/\/madagascartouring.com\/fr\/wp-json\/wp\/v2\/media?parent=135"}],"curies":[{"name":"wp","href":"https:\/\/api.w.org\/{rel}","templated":true}]}}