{"id":5,"date":"2022-05-18T12:51:11","date_gmt":"2022-05-18T10:51:11","guid":{"rendered":"https:\/\/www.madagascar-touring.com\/?page_id=5"},"modified":"2022-11-23T15:08:28","modified_gmt":"2022-11-23T14:08:28","slug":"accueil","status":"publish","type":"page","link":"https:\/\/madagascartouring.com\/fr\/","title":{"rendered":"Accueil"},"content":{"rendered":"\n<h1 class=\"wp-block-heading\"> Madagascar Touring <\/h1>\n\n\n\n<h2 class=\"wp-block-heading\"> Tour operator \u2013 location de voitures <\/h2>\n\n\n\n<p>Madagascar Touring vous aide \u00e0 planifier votre voyage ultime \u00e0 Madagascar, pays d&rsquo;aventures avec des paysages magnifiques, un peuple au sourire accueillant et d\u2019esp\u00e8ces sauvages end\u00e9miques. Nos guides, notre personnel et propri\u00e9taires &#8211; <strong>tous d&rsquo;origine malagasy<\/strong>, parlant couramment le <strong>fran\u00e7ais<\/strong> et l&rsquo;<strong>anglais<\/strong> &#8211; poss\u00e8dent une mine de connaissances et de contacts que seules des ann\u00e9es d&rsquo;exp\u00e9rience peuvent apporter.<\/p>\n\n\n\n<p><a class=\"link\" href=\"https:\/\/www.madagascar-touring.com\/qui-sommes-nous\/\">\u00c0 propos de Madagascar Touring<\/a><\/p>\n","protected":false},"excerpt":{"rendered":"<p>Madagascar Touring Tour operator \u2013 location de voitures Madagascar Touring vous aide \u00e0 planifier votre voyage ultime \u00e0<\/p>\n","protected":false},"author":1,"featured_media":0,"parent":0,"menu_order":0,"comment_status":"closed","ping_status":"closed","template":"page-home.php","meta":{"_exactmetrics_skip_tracking":false,"_exactmetrics_sitenote_active":false,"_exactmetrics_sitenote_note":"","_exactmetrics_sitenote_category":0,"_joinchat":[],"footnotes":""},"class_list":["post-5","page","type-page","status-publish","hentry","entry"],"yoast_head":"<!-- This site is optimized with the Yoast SEO plugin v26.6 - https:\/\/yoast.com\/wordpress\/plugins\/seo\/ -->\n<title>Tour op\u00e9rateur : organisateur de voyage, location de voiture &#183; Madagascar Touring<\/title>\n<meta name=\"description\" content=\"En tant qu\u2019organisateur de voyage, nous pouvons tout faire pour que vous profitiez pleinement de votre s\u00e9jour \u00e0 Madagascar. Que ce soit pour une location de voiture ou un voyage organis\u00e9, en individuel ou en groupe, nous vous garantissons un voyage sur mesure inoubliable.\" \/>\n<meta name=\"robots\" content=\"index, follow, max-snippet:-1, max-image-preview:large, max-video-preview:-1\" \/>\n<link rel=\"canonical\" href=\"https:\/\/www.madagascartouring.com\/fr\/\" \/>\n<meta property=\"og:locale\" content=\"fr_FR\" \/>\n<meta property=\"og:type\" content=\"article\" \/>\n<meta property=\"og:title\" content=\"Tour op\u00e9rateur : organisateur de voyage, location de voiture &#183; Madagascar Touring\" \/>\n<meta property=\"og:description\" content=\"En tant qu\u2019organisateur de voyage, nous pouvons tout faire pour que vous profitiez pleinement de votre s\u00e9jour \u00e0 Madagascar. Que ce soit pour une location de voiture ou un voyage organis\u00e9, en individuel ou en groupe, nous vous garantissons un voyage sur mesure inoubliable.\" \/>\n<meta property=\"og:url\" content=\"https:\/\/www.madagascartouring.com\/fr\/\" \/>\n<meta property=\"og:site_name\" content=\"Madagascar Touring\" \/>\n<meta property=\"article:modified_time\" content=\"2022-11-23T14:08:28+00:00\" \/>\n<meta name=\"twitter:card\" content=\"summary_large_image\" \/>\n<meta name=\"twitter:label1\" content=\"Dur\u00e9e de lecture estim\u00e9e\" \/>\n\t<meta name=\"twitter:data1\" content=\"1 minute\" \/>\n<script type=\"application\/ld+json\" class=\"yoast-schema-graph\">{\"@context\":\"https:\/\/schema.org\",\"@graph\":[{\"@type\":\"WebPage\",\"@id\":\"https:\/\/www.madagascartouring.com\/fr\/\",\"url\":\"https:\/\/www.madagascartouring.com\/fr\/\",\"name\":\"Tour op\u00e9rateur : organisateur de voyage, location de voiture &#183; Madagascar Touring\",\"isPartOf\":{\"@id\":\"https:\/\/www.madagascartouring.com\/#website\"},\"datePublished\":\"2022-05-18T10:51:11+00:00\",\"dateModified\":\"2022-11-23T14:08:28+00:00\",\"description\":\"En tant qu\u2019organisateur de voyage, nous pouvons tout faire pour que vous profitiez pleinement de votre s\u00e9jour \u00e0 Madagascar. Que ce soit pour une location de voiture ou un voyage organis\u00e9, en individuel ou en groupe, nous vous garantissons un voyage sur mesure inoubliable.\",\"breadcrumb\":{\"@id\":\"https:\/\/www.madagascartouring.com\/fr\/#breadcrumb\"},\"inLanguage\":\"fr-FR\",\"potentialAction\":[{\"@type\":\"ReadAction\",\"target\":[\"https:\/\/www.madagascartouring.com\/fr\/\"]}]},{\"@type\":\"BreadcrumbList\",\"@id\":\"https:\/\/www.madagascartouring.com\/fr\/#breadcrumb\",\"itemListElement\":[{\"@type\":\"ListItem\",\"position\":1,\"name\":\"Accueil\",\"item\":\"https:\/\/www.madagascartouring.com\/fr\/\"},{\"@type\":\"ListItem\",\"position\":2,\"name\":\"Accueil\"}]},{\"@type\":\"WebSite\",\"@id\":\"https:\/\/www.madagascartouring.com\/#website\",\"url\":\"https:\/\/www.madagascartouring.com\/\",\"name\":\"Madagascar Touring\",\"description\":\"Tour operator - location de voiture\",\"publisher\":{\"@id\":\"https:\/\/www.madagascartouring.com\/#\/schema\/person\/9a6abec49f6b46587622fda31ed97bbe\"},\"potentialAction\":[{\"@type\":\"SearchAction\",\"target\":{\"@type\":\"EntryPoint\",\"urlTemplate\":\"https:\/\/www.madagascartouring.com\/?s={search_term_string}\"},\"query-input\":{\"@type\":\"PropertyValueSpecification\",\"valueRequired\":true,\"valueName\":\"search_term_string\"}}],\"inLanguage\":\"fr-FR\"},{\"@type\":[\"Person\",\"Organization\"],\"@id\":\"https:\/\/www.madagascartouring.com\/#\/schema\/person\/9a6abec49f6b46587622fda31ed97bbe\",\"name\":\"TourAdmin\",\"image\":{\"@type\":\"ImageObject\",\"inLanguage\":\"fr-FR\",\"@id\":\"https:\/\/www.madagascartouring.com\/#\/schema\/person\/image\/\",\"url\":\"https:\/\/madagascartouring.com\/wp-content\/uploads\/2019\/02\/cropped-cropped-logo-ftr.jpg\",\"contentUrl\":\"https:\/\/madagascartouring.com\/wp-content\/uploads\/2019\/02\/cropped-cropped-logo-ftr.jpg\",\"width\":200,\"height\":197,\"caption\":\"TourAdmin\"},\"logo\":{\"@id\":\"https:\/\/www.madagascartouring.com\/#\/schema\/person\/image\/\"}}]}<\/script>\n<!-- \/ Yoast SEO plugin. -->","yoast_head_json":{"title":"Tour op\u00e9rateur : organisateur de voyage, location de voiture &#183; Madagascar Touring","description":"En tant qu\u2019organisateur de voyage, nous pouvons tout faire pour que vous profitiez pleinement de votre s\u00e9jour \u00e0 Madagascar. Que ce soit pour une location de voiture ou un voyage organis\u00e9, en individuel ou en groupe, nous vous garantissons un voyage sur mesure inoubliable.","robots":{"index":"index","follow":"follow","max-snippet":"max-snippet:-1","max-image-preview":"max-image-preview:large","max-video-preview":"max-video-preview:-1"},"canonical":"https:\/\/www.madagascartouring.com\/fr\/","og_locale":"fr_FR","og_type":"article","og_title":"Tour op\u00e9rateur : organisateur de voyage, location de voiture &#183; Madagascar Touring","og_description":"En tant qu\u2019organisateur de voyage, nous pouvons tout faire pour que vous profitiez pleinement de votre s\u00e9jour \u00e0 Madagascar. Que ce soit pour une location de voiture ou un voyage organis\u00e9, en individuel ou en groupe, nous vous garantissons un voyage sur mesure inoubliable.","og_url":"https:\/\/www.madagascartouring.com\/fr\/","og_site_name":"Madagascar Touring","article_modified_time":"2022-11-23T14:08:28+00:00","twitter_card":"summary_large_image","twitter_misc":{"Dur\u00e9e de lecture estim\u00e9e":"1 minute"},"schema":{"@context":"https:\/\/schema.org","@graph":[{"@type":"WebPage","@id":"https:\/\/www.madagascartouring.com\/fr\/","url":"https:\/\/www.madagascartouring.com\/fr\/","name":"Tour op\u00e9rateur : organisateur de voyage, location de voiture &#183; Madagascar Touring","isPartOf":{"@id":"https:\/\/www.madagascartouring.com\/#website"},"datePublished":"2022-05-18T10:51:11+00:00","dateModified":"2022-11-23T14:08:28+00:00","description":"En tant qu\u2019organisateur de voyage, nous pouvons tout faire pour que vous profitiez pleinement de votre s\u00e9jour \u00e0 Madagascar. Que ce soit pour une location de voiture ou un voyage organis\u00e9, en individuel ou en groupe, nous vous garantissons un voyage sur mesure inoubliable.","breadcrumb":{"@id":"https:\/\/www.madagascartouring.com\/fr\/#breadcrumb"},"inLanguage":"fr-FR","potentialAction":[{"@type":"ReadAction","target":["https:\/\/www.madagascartouring.com\/fr\/"]}]},{"@type":"BreadcrumbList","@id":"https:\/\/www.madagascartouring.com\/fr\/#breadcrumb","itemListElement":[{"@type":"ListItem","position":1,"name":"Accueil","item":"https:\/\/www.madagascartouring.com\/fr\/"},{"@type":"ListItem","position":2,"name":"Accueil"}]},{"@type":"WebSite","@id":"https:\/\/www.madagascartouring.com\/#website","url":"https:\/\/www.madagascartouring.com\/","name":"Madagascar Touring","description":"Tour operator - location de voiture","publisher":{"@id":"https:\/\/www.madagascartouring.com\/#\/schema\/person\/9a6abec49f6b46587622fda31ed97bbe"},"potentialAction":[{"@type":"SearchAction","target":{"@type":"EntryPoint","urlTemplate":"https:\/\/www.madagascartouring.com\/?s={search_term_string}"},"query-input":{"@type":"PropertyValueSpecification","valueRequired":true,"valueName":"search_term_string"}}],"inLanguage":"fr-FR"},{"@type":["Person","Organization"],"@id":"https:\/\/www.madagascartouring.com\/#\/schema\/person\/9a6abec49f6b46587622fda31ed97bbe","name":"TourAdmin","image":{"@type":"ImageObject","inLanguage":"fr-FR","@id":"https:\/\/www.madagascartouring.com\/#\/schema\/person\/image\/","url":"https:\/\/madagascartouring.com\/wp-content\/uploads\/2019\/02\/cropped-cropped-logo-ftr.jpg","contentUrl":"https:\/\/madagascartouring.com\/wp-content\/uploads\/2019\/02\/cropped-cropped-logo-ftr.jpg","width":200,"height":197,"caption":"TourAdmin"},"logo":{"@id":"https:\/\/www.madagascartouring.com\/#\/schema\/person\/image\/"}}]}},"_links":{"self":[{"href":"https:\/\/madagascartouring.com\/fr\/wp-json\/wp\/v2\/pages\/5","targetHints":{"allow":["GET"]}}],"collection":[{"href":"https:\/\/madagascartouring.com\/fr\/wp-json\/wp\/v2\/pages"}],"about":[{"href":"https:\/\/madagascartouring.com\/fr\/wp-json\/wp\/v2\/types\/page"}],"author":[{"embeddable":true,"href":"https:\/\/madagascartouring.com\/fr\/wp-json\/wp\/v2\/users\/1"}],"replies":[{"embeddable":true,"href":"https:\/\/madagascartouring.com\/fr\/wp-json\/wp\/v2\/comments?post=5"}],"version-history":[{"count":58,"href":"https:\/\/madagascartouring.com\/fr\/wp-json\/wp\/v2\/pages\/5\/revisions"}],"predecessor-version":[{"id":2501,"href":"https:\/\/madagascartouring.com\/fr\/wp-json\/wp\/v2\/pages\/5\/revisions\/2501"}],"wp:attachment":[{"href":"https:\/\/madagascartouring.com\/fr\/wp-json\/wp\/v2\/media?parent=5"}],"curies":[{"name":"wp","href":"https:\/\/api.w.org\/{rel}","templated":true}]}}